{"id":1081,"date":"2019-01-23T10:48:06","date_gmt":"2019-01-23T10:48:06","guid":{"rendered":"https:\/\/inversime.com\/index.php\/product\/old-lady-cactus\/"},"modified":"2020-07-24T03:18:38","modified_gmt":"2020-07-24T02:18:38","slug":"old-lady-cactus","status":"publish","type":"product","link":"https:\/\/inversime.com\/index.php\/product\/old-lady-cactus\/","title":{"rendered":"Tejocotes en alm\u00edbar"},"content":{"rendered":"<p>Tejocotes en alm\u00edbar frasco grande<\/p>\n","protected":false},"excerpt":{"rendered":"<p>Deliciosos tejocotes en alm\u00edbar. Los tenemos todo el a\u00f1o, t\u00f3mate ese ponche en junio o cuando se te antoje<\/p>\n","protected":false},"featured_media":0,"comment_status":"open","ping_status":"closed","template":"","meta":{"_joinchat":[]},"class_list":["post-1081","product","type-product","status-publish","hentry","product_cat-conservas"],"_links":{"self":[{"href":"https:\/\/inversime.com\/index.php\/wp-json\/wp\/v2\/product\/1081","targetHints":{"allow":["GET"]}}],"collection":[{"href":"https:\/\/inversime.com\/index.php\/wp-json\/wp\/v2\/product"}],"about":[{"href":"https:\/\/inversime.com\/index.php\/wp-json\/wp\/v2\/types\/product"}],"replies":[{"embeddable":true,"href":"https:\/\/inversime.com\/index.php\/wp-json\/wp\/v2\/comments?post=1081"}],"version-history":[{"count":2,"href":"https:\/\/inversime.com\/index.php\/wp-json\/wp\/v2\/product\/1081\/revisions"}],"predecessor-version":[{"id":1240,"href":"https:\/\/inversime.com\/index.php\/wp-json\/wp\/v2\/product\/1081\/revisions\/1240"}],"wp:attachment":[{"href":"https:\/\/inversime.com\/index.php\/wp-json\/wp\/v2\/media?parent=1081"}],"curies":[{"name":"wp","href":"https:\/\/api.w.org\/{rel}","templated":true}]}}